{"id":8504,"date":"2022-10-19T15:22:24","date_gmt":"2022-10-19T18:22:24","guid":{"rendered":"http:\/\/wtiirrigacao.com.br\/?page_id=8504"},"modified":"2023-11-08T17:12:00","modified_gmt":"2023-11-08T20:12:00","slug":"sobre-a-empresa","status":"publish","type":"page","link":"http:\/\/wtiirrigacao.com.br\/?page_id=8504","title":{"rendered":"Sobre a empresa"},"content":{"rendered":"\t\t<div data-elementor-type=\"wp-page\" data-elementor-id=\"8504\" class=\"elementor elementor-8504\">\n\t\t\t\t\t\t\t\t\t<section class=\"wd-negative-gap elementor-section elementor-top-section elementor-element elementor-element-579a915 elementor-section-boxed elementor-section-height-default elementor-section-height-default wd-section-disabled\" data-id=\"579a915\" data-element_type=\"section\">\n\t\t\t\t\t\t<div class=\"elementor-container elementor-column-gap-default\">\n\t\t\t\t\t<div class=\"elementor-column elementor-col-100 elementor-top-column elementor-element elementor-element-17f14f9\" data-id=\"17f14f9\" data-element_type=\"column\">\n\t\t\t<div class=\"elementor-widget-wrap elementor-element-populated\">\n\t\t\t\t\t\t\t\t<div class=\"elementor-element elementor-element-922d835 elementor-widget elementor-widget-wd_text_block\" data-id=\"922d835\" data-element_type=\"widget\" data-widget_type=\"wd_text_block.default\">\n\t\t\t\t<div class=\"elementor-widget-container\">\n\t\t\t\t\t\t<link rel=\"stylesheet\" id=\"wd-text-block-css\" href=\"http:\/\/wtiirrigacao.com.br\/wp-content\/themes\/woodmart\/css\/parts\/el-text-block.min.css?ver=7.3.2\" type=\"text\/css\" media=\"all\" \/> \t\t\t\t\t<div class=\"wd-text-block reset-last-child text-left\">\n\t\t\t\n\t\t\t<p>Bem-vindo \u00e0 WTI Irriga\u00e7\u00e3o, sua parceira confi\u00e1vel no ramo de equipamentos de irriga\u00e7\u00e3o. Sediada em Patos de Minas, estamos empenhados em fornecer solu\u00e7\u00f5es de qualidade e pre\u00e7os justos para todas as suas necessidades de irriga\u00e7\u00e3o.<\/p><h4>Quem Somos<\/h4><p>A WTI Irriga\u00e7\u00e3o \u00e9 composta por uma equipe de profissionais experientes e dedicados que possuem amplo conhecimento no ramo da irriga\u00e7\u00e3o. Nossa experi\u00eancia e paix\u00e3o pelo que fazemos nos impulsionam a buscar constantemente aprimorar nossos produtos e servi\u00e7os, para que voc\u00ea possa contar conosco para todas as suas necessidades no ramo da irriga\u00e7\u00e3o.<\/p><h4>O Que Fazemos<\/h4><p>Na WTI Irriga\u00e7\u00e3o, somos especializados na venda de pe\u00e7as multimarcas de reposi\u00e7\u00e3o para equipamentos de irriga\u00e7\u00e3o em geral. Nosso compromisso \u00e9 garantir que voc\u00ea tenha acesso a produtos de alta qualidade que atendam \u00e0s suas necessidades espec\u00edficas, a pre\u00e7os competitivos. Al\u00e9m disso, nossa atua\u00e7\u00e3o se estende ao fornecimento de servi\u00e7os de excel\u00eancia em diversas \u00e1reas, incluindo piv\u00f4s centrais, bombeamentos e servi\u00e7os de solda em tubos PEAD.<\/p><h4>Nosso Prop\u00f3sito<\/h4><p>Nosso prop\u00f3sito \u00e9 simples e claro: atender nossos clientes com pe\u00e7as de qualidade e pre\u00e7o justo, al\u00e9m de prestar servi\u00e7os com profissionalismo e comprometimento. A irriga\u00e7\u00e3o desempenha um papel vital na agricultura, e estamos comprometidos em contribuir para o sucesso de nossos clientes, oferecendo solu\u00e7\u00f5es confi\u00e1veis e acess\u00edveis.<\/p><p>Agradecemos por escolher a WTI Irriga\u00e7\u00e3o como seu parceiro. Estamos ansiosos para atend\u00ea-lo e trabalhar juntos para o sucesso de seu empreendimento.<\/p>\n\t\t\t\t\t<\/div>\n\t\t\t\t<\/div>\n\t\t\t\t<\/div>\n\t\t\t\t\t<\/div>\n\t\t<\/div>\n\t\t\t\t\t\t\t<\/div>\n\t\t<\/section>\n\t\t\t\t\t\t\t<\/div>\n\t\t","protected":false},"excerpt":{"rendered":"<p>Bem-vindo \u00e0 WTI Irriga\u00e7\u00e3o, sua parceira confi\u00e1vel no ramo de equipamentos de irriga\u00e7\u00e3o. Sediada em Patos de Minas, estamos empenhados<\/p>\n","protected":false},"author":1,"featured_media":0,"parent":0,"menu_order":0,"comment_status":"closed","ping_status":"closed","template":"","meta":{"footnotes":""},"class_list":["post-8504","page","type-page","status-publish","hentry"],"_links":{"self":[{"href":"http:\/\/wtiirrigacao.com.br\/index.php?rest_route=\/wp\/v2\/pages\/8504","targetHints":{"allow":["GET"]}}],"collection":[{"href":"http:\/\/wtiirrigacao.com.br\/index.php?rest_route=\/wp\/v2\/pages"}],"about":[{"href":"http:\/\/wtiirrigacao.com.br\/index.php?rest_route=\/wp\/v2\/types\/page"}],"author":[{"embeddable":true,"href":"http:\/\/wtiirrigacao.com.br\/index.php?rest_route=\/wp\/v2\/users\/1"}],"replies":[{"embeddable":true,"href":"http:\/\/wtiirrigacao.com.br\/index.php?rest_route=%2Fwp%2Fv2%2Fcomments&post=8504"}],"version-history":[{"count":4,"href":"http:\/\/wtiirrigacao.com.br\/index.php?rest_route=\/wp\/v2\/pages\/8504\/revisions"}],"predecessor-version":[{"id":8695,"href":"http:\/\/wtiirrigacao.com.br\/index.php?rest_route=\/wp\/v2\/pages\/8504\/revisions\/8695"}],"wp:attachment":[{"href":"http:\/\/wtiirrigacao.com.br\/index.php?rest_route=%2Fwp%2Fv2%2Fmedia&parent=8504"}],"curies":[{"name":"wp","href":"https:\/\/api.w.org\/{rel}","templated":true}]}}