{"id":8578,"date":"2022-10-19T22:36:46","date_gmt":"2022-10-20T01:36:46","guid":{"rendered":"http:\/\/wtiirrigacao.com.br\/?post_type=product&#038;p=8578"},"modified":"2023-11-10T14:54:04","modified_gmt":"2023-11-10T17:54:04","slug":"2-air-valve","status":"publish","type":"product","link":"http:\/\/wtiirrigacao.com.br\/?product=2-air-valve","title":{"rendered":"Percent\u00edmetro Painel Piv\u00f4 Irriga\u00e7\u00e3o"},"content":{"rendered":"","protected":false},"excerpt":{"rendered":"<p><strong>Marca:<\/strong> Eagle Signal<\/p>\n<p><strong>Modelo:<\/strong> CYCL &#8211; Time<\/p>\n<p><strong>Descri\u00e7\u00e3o:<\/strong> Percent\u00edmetro para Piv\u00f4 Central compat\u00edvel com diversas marcas entre ela Valley e Lindsay.<\/p>\n","protected":false},"featured_media":8700,"comment_status":"open","ping_status":"closed","template":"","meta":[],"product_cat":[86],"product_tag":[],"class_list":{"0":"post-8578","1":"product","2":"type-product","3":"status-publish","4":"has-post-thumbnail","6":"product_cat-pecas-para-pivo","8":"first","9":"instock","10":"shipping-taxable","11":"product-type-simple"},"_links":{"self":[{"href":"http:\/\/wtiirrigacao.com.br\/index.php?rest_route=\/wp\/v2\/product\/8578","targetHints":{"allow":["GET"]}}],"collection":[{"href":"http:\/\/wtiirrigacao.com.br\/index.php?rest_route=\/wp\/v2\/product"}],"about":[{"href":"http:\/\/wtiirrigacao.com.br\/index.php?rest_route=\/wp\/v2\/types\/product"}],"replies":[{"embeddable":true,"href":"http:\/\/wtiirrigacao.com.br\/index.php?rest_route=%2Fwp%2Fv2%2Fcomments&post=8578"}],"wp:featuredmedia":[{"embeddable":true,"href":"http:\/\/wtiirrigacao.com.br\/index.php?rest_route=\/wp\/v2\/media\/8700"}],"wp:attachment":[{"href":"http:\/\/wtiirrigacao.com.br\/index.php?rest_route=%2Fwp%2Fv2%2Fmedia&parent=8578"}],"wp:term":[{"taxonomy":"product_cat","embeddable":true,"href":"http:\/\/wtiirrigacao.com.br\/index.php?rest_route=%2Fwp%2Fv2%2Fproduct_cat&post=8578"},{"taxonomy":"product_tag","embeddable":true,"href":"http:\/\/wtiirrigacao.com.br\/index.php?rest_route=%2Fwp%2Fv2%2Fproduct_tag&post=8578"}],"curies":[{"name":"wp","href":"https:\/\/api.w.org\/{rel}","templated":true}]}}