{"id":8765,"date":"2023-11-10T15:47:20","date_gmt":"2023-11-10T18:47:20","guid":{"rendered":"https:\/\/wtiirrigacao.com.br\/?post_type=product&#038;p=8765"},"modified":"2026-01-17T18:22:23","modified_gmt":"2026-01-17T21:22:23","slug":"valvula-pressostato-para-irrigacao","status":"publish","type":"product","link":"http:\/\/wtiirrigacao.com.br\/?product=valvula-pressostato-para-irrigacao","title":{"rendered":"V\u00e1lvula Pressostato Para Irriga\u00e7\u00e3o"},"content":{"rendered":"","protected":false},"excerpt":{"rendered":"<p><strong>Marca:<\/strong> Barksdale, Inc.<\/p>\n<p><strong>Modelo:<\/strong> E1S-H90<\/p>\n<p><strong>Descri\u00e7\u00e3o:<\/strong> V\u00e1lvula Pressostato Para Irriga\u00e7\u00e3o<\/p>\n","protected":false},"featured_media":8766,"comment_status":"open","ping_status":"closed","template":"","meta":[],"product_cat":[86],"product_tag":[],"class_list":{"0":"post-8765","1":"product","2":"type-product","3":"status-publish","4":"has-post-thumbnail","6":"product_cat-pecas-para-pivo","8":"first","9":"instock","10":"shipping-taxable","11":"product-type-simple"},"_links":{"self":[{"href":"http:\/\/wtiirrigacao.com.br\/index.php?rest_route=\/wp\/v2\/product\/8765","targetHints":{"allow":["GET"]}}],"collection":[{"href":"http:\/\/wtiirrigacao.com.br\/index.php?rest_route=\/wp\/v2\/product"}],"about":[{"href":"http:\/\/wtiirrigacao.com.br\/index.php?rest_route=\/wp\/v2\/types\/product"}],"replies":[{"embeddable":true,"href":"http:\/\/wtiirrigacao.com.br\/index.php?rest_route=%2Fwp%2Fv2%2Fcomments&post=8765"}],"wp:featuredmedia":[{"embeddable":true,"href":"http:\/\/wtiirrigacao.com.br\/index.php?rest_route=\/wp\/v2\/media\/8766"}],"wp:attachment":[{"href":"http:\/\/wtiirrigacao.com.br\/index.php?rest_route=%2Fwp%2Fv2%2Fmedia&parent=8765"}],"wp:term":[{"taxonomy":"product_cat","embeddable":true,"href":"http:\/\/wtiirrigacao.com.br\/index.php?rest_route=%2Fwp%2Fv2%2Fproduct_cat&post=8765"},{"taxonomy":"product_tag","embeddable":true,"href":"http:\/\/wtiirrigacao.com.br\/index.php?rest_route=%2Fwp%2Fv2%2Fproduct_tag&post=8765"}],"curies":[{"name":"wp","href":"https:\/\/api.w.org\/{rel}","templated":true}]}}