{"id":8786,"date":"2023-11-10T15:59:54","date_gmt":"2023-11-10T18:59:54","guid":{"rendered":"https:\/\/wtiirrigacao.com.br\/?post_type=product&#038;p=8786"},"modified":"2023-11-10T16:01:02","modified_gmt":"2023-11-10T19:01:02","slug":"valvula-ventosa-triplice-funcao-2-pn-16-irrigacao","status":"publish","type":"product","link":"http:\/\/wtiirrigacao.com.br\/?product=valvula-ventosa-triplice-funcao-2-pn-16-irrigacao","title":{"rendered":"V\u00e1lvula Ventosa Triplice Fun\u00e7\u00e3o 2&#8221; Pn 16 &#8211; Irriga\u00e7\u00e3o"},"content":{"rendered":"","protected":false},"excerpt":{"rendered":"<p><strong>Marca:<\/strong> China Drip<\/p>\n<p><strong>Modelo:<\/strong> Ventosa Combinada 2&#8243; PN 16<\/p>\n<p><strong>Descri\u00e7\u00e3o:<\/strong> V\u00e1lvula Ventosa Triplice Fun\u00e7\u00e3o 2&#8221; Pn 16 &#8211; Irriga\u00e7\u00e3o<\/p>\n","protected":false},"featured_media":8787,"comment_status":"open","ping_status":"closed","template":"","meta":[],"product_cat":[96],"product_tag":[],"class_list":{"0":"post-8786","1":"product","2":"type-product","3":"status-publish","4":"has-post-thumbnail","6":"product_cat-valvulas-hidraulicas","8":"first","9":"instock","10":"shipping-taxable","11":"product-type-simple"},"_links":{"self":[{"href":"http:\/\/wtiirrigacao.com.br\/index.php?rest_route=\/wp\/v2\/product\/8786","targetHints":{"allow":["GET"]}}],"collection":[{"href":"http:\/\/wtiirrigacao.com.br\/index.php?rest_route=\/wp\/v2\/product"}],"about":[{"href":"http:\/\/wtiirrigacao.com.br\/index.php?rest_route=\/wp\/v2\/types\/product"}],"replies":[{"embeddable":true,"href":"http:\/\/wtiirrigacao.com.br\/index.php?rest_route=%2Fwp%2Fv2%2Fcomments&post=8786"}],"wp:featuredmedia":[{"embeddable":true,"href":"http:\/\/wtiirrigacao.com.br\/index.php?rest_route=\/wp\/v2\/media\/8787"}],"wp:attachment":[{"href":"http:\/\/wtiirrigacao.com.br\/index.php?rest_route=%2Fwp%2Fv2%2Fmedia&parent=8786"}],"wp:term":[{"taxonomy":"product_cat","embeddable":true,"href":"http:\/\/wtiirrigacao.com.br\/index.php?rest_route=%2Fwp%2Fv2%2Fproduct_cat&post=8786"},{"taxonomy":"product_tag","embeddable":true,"href":"http:\/\/wtiirrigacao.com.br\/index.php?rest_route=%2Fwp%2Fv2%2Fproduct_tag&post=8786"}],"curies":[{"name":"wp","href":"https:\/\/api.w.org\/{rel}","templated":true}]}}